{"id":1216,"date":"2018-02-07T11:40:16","date_gmt":"2018-02-07T11:40:16","guid":{"rendered":"https:\/\/rsu.gouv.ml\/portail\/?page_id=1216"},"modified":"2023-11-28T09:13:07","modified_gmt":"2023-11-28T09:13:07","slug":"odhd","status":"publish","type":"page","link":"https:\/\/rsu.gouv.ml\/portail\/partenaires\/odhd\/","title":{"rendered":"ODHD"},"content":{"rendered":"<p>[vc_row][vc_column width=\u00a0\u00bb1\/4&Prime;][vc_single_image image=\u00a0\u00bb1534&Prime; img_size=\u00a0\u00bbfull\u00a0\u00bb add_caption=\u00a0\u00bbyes\u00a0\u00bb onclick=\u00a0\u00bbcustom_link\u00a0\u00bb img_link_target=\u00a0\u00bb_blank\u00a0\u00bb link=\u00a0\u00bbhttp:\/\/www.odhd-mali.org\/\u00a0\u00bb][\/vc_column][vc_column width=\u00a0\u00bb3\/4&Prime;][vc_tta_accordion][vc_tta_section title=\u00a0\u00bbPR\u00c9SENTATION DE L\u2019ODHD\/LCP\u00a0\u00bb tab_id=\u00a0\u00bb1542125001901-c5d3b9fd-8793&Prime;][vc_column_text]<\/p>\n<h3>Pr\u00e9sentation de l&rsquo;Observatoire du D\u00e9veloppement Humain Durable et de la Lutte Contre la Pauvret\u00e9<\/h3>\n<p>Le Gouvernement de la R\u00e9publique du Mali a \u00e9labor\u00e9 une strat\u00e9gie nationale ax\u00e9e sur le D\u00e9veloppement Humain Durable (DHD) et s\u2019est dot\u00e9 d\u2019un cadre et des m\u00e9canismes institutionnels du D\u00e9veloppement Humain Durable (DHD).<\/p>\n<p>C\u2019est dans ce contexte que l\u2019Observatoire du D\u00e9veloppement Humain Durable et de la Lutte Contre la Pauvret\u00e9 (ODHD\/LCP) a \u00e9t\u00e9 mis en place en tant que Projet en f\u00e9vrier 1997 avec l\u2019appui du Programme des Nations Unies pour le D\u00e9veloppement et la Banque Mondiale.<\/p>\n<p>Ce projet a fonctionn\u00e9 jusqu\u2019en janvier 2002. C\u2019est \u00e0 partir de 2002 que l\u2019Observatoire du D\u00e9veloppement Humain Durable de la Lutte contre la Pauvret\u00e9 (ODHD\/LCP) a \u00e9t\u00e9 \u00e9rig\u00e9 en Etablissement Public \u00e0 caract\u00e8re Scientifique et Technologique (EPST) par l\u2019ordonnance n\u00b0 02-047\/P-RM du 29 mars 2002.<\/p>\n<p>Le D\u00e9cret n\u00b0 02-287\/P-RM du 30 Mai 2002 fixe l\u2019organisation et les modalit\u00e9s de fonctionnement de l\u2019Observatoire du D\u00e9veloppement Humain Durable de la Lutte contre la Pauvret\u00e9.<\/p>\n<p><strong>SES MISSIONS<\/strong><\/p>\n<p>L\u2019ODHD\/LCP a pour mission principale de r\u00e9aliser des \u00e9tudes et des recherches dans le domaine du D\u00e9veloppement Humain Durable et de la Lutte contre la pauvret\u00e9. A cet effet, il est charg\u00e9 de :<\/p>\n<ul>\n<li>approfondir les \u00e9tudes et la connaissance sur les dimensions de la pauvret\u00e9 et les groupes vuln\u00e9rables ;<\/li>\n<li>\u00e9laborer et mettre en \u0153uvre des programmes d\u2019\u00e9tudes et de recherche dans les domaines du D\u00e9veloppement Humain Durable ;<\/li>\n<li>suivre et analyser les principaux indicateurs li\u00e9s \u00e0 la lutte contre la pauvret\u00e9 et au D\u00e9veloppement Humain Durable ;<\/li>\n<li>analyser et diffuser les informations et donn\u00e9es relatives \u00e0 la pauvret\u00e9 ;<\/li>\n<li>analyser et rendre compte de l\u2019\u00e9tat du D\u00e9veloppement Humain Durable au Mali ;<\/li>\n<li>mettre en place et g\u00e9rer une base de donn\u00e9es sur le D\u00e9veloppement Humain Durable ;<\/li>\n<li>produire le Rapport National sur le D\u00e9veloppement Humain.<\/li>\n<\/ul>\n<p>[\/vc_column_text][\/vc_tta_section][vc_tta_section title=\u00a0\u00bbSTRAT\u00c9GIE INTERVENTION\u00a0\u00bb tab_id=\u00a0\u00bb1542125001955-f0002c96-2ef1&Prime;][vc_column_text]<\/p>\n<h2><b>STRAT\u00c9GIE\u00a0INTERVENTION<\/b><\/h2>\n<p>La strat\u00e9gie d\u2019intervention de l\u2019ODHD\/LCP consiste \u00e0 une capitalisation des acquis \u00e0 travers ses diff\u00e9rents produits (\u00e9tudes et recherches), des exp\u00e9riences accumul\u00e9es et des le\u00e7ons apprises depuis plus d\u2019une dizaine d\u2019ann\u00e9es de mise en \u0153uvre des documents de strat\u00e9gie de r\u00e9duction de la pauvret\u00e9 (CSLP 2002-2006, CSCRP 2007-2011 et CSCRP 2012-2017, CREDD 2016-2018 en cours).<\/p>\n<p>Travaillant en \u00e9troite collaboration avec les structures techniques partenaires (Cellule Technique du Cadre Strat\u00e9gique de Lutte contre la Pauvret\u00e9, Institut National de la Statistique, CERCAP, Direction Nationale de la Planification du D\u00e9veloppement, Secr\u00e9tariat \u00e0 l\u2019Harmonisation de l\u2019Aide, Cellules de Planification et de Statistique des diff\u00e9rents secteurs, Centre National de Documentation et d\u2019Information sur la Femme et l\u2019Enfant, Commissariat \u00e0 la S\u00e9curit\u00e9 Alimentaire, Syst\u00e8me d\u2019Alerte Pr\u00e9coce\u2026) et faisant appel \u00e0 d\u2019autres comp\u00e9tences techniques au besoin (expertise nationale et internationale), l\u2019ODHD\/LCP d\u00e9veloppe en particulier des relations de partenariats sud-sud et nord-sud avec des structures de production de donn\u00e9es, des universit\u00e9s, des centres et instituts de recherche.<\/p>\n<p>La communication sur les r\u00e9sultats engrang\u00e9s et la valorisation des acquis dans le domaine du D\u00e9veloppement Humain Durable et de la Lutte contre la Pauvret\u00e9 permettra de renforcer cette capitalisation.[\/vc_column_text][\/vc_tta_section][vc_tta_section title=\u00a0\u00bbUNIT\u00c9S FONCTIONNELLES &amp; PRINCIPES DE BASE\u00a0\u00bb tab_id=\u00a0\u00bb1542125471019-c07eaec5-c995&Prime;][vc_column_text]<\/p>\n<div class=\"wpb_text_column wpb_content_element \">\n<div class=\"wpb_wrapper\">\n<p><strong>UNIT\u00c9S\u00a0FONCTIONNELLES<\/strong><\/p>\n<ul>\n<li>Economie,<\/li>\n<li>Statistique,<\/li>\n<li>Sociologie,<\/li>\n<li>Documentation\/ Communication<\/li>\n<li>Agence Comptable.<\/li>\n<\/ul>\n<\/div>\n<\/div>\n<p><strong>PRINCIPES DE BASE<\/strong><\/p>\n<div class=\"wpb_text_column wpb_content_element \">\n<div class=\"wpb_wrapper\">\n<ul>\n<li>Appropriation nationale,<\/li>\n<li>pr\u00e9paration participative,<\/li>\n<li>autonomie d\u2019analyse,<\/li>\n<li>qualit\u00e9 de l\u2019analyse,<\/li>\n<li>pr\u00e9sentation flexible et cr\u00e9ative,<\/li>\n<li>strat\u00e9gie de communication et de suivi soutenue.<\/li>\n<\/ul>\n<\/div>\n<\/div>\n<p>[\/vc_column_text][\/vc_tta_section][vc_tta_section title=\u00a0\u00bbPUBLICATIONS\u00a0\u00bb tab_id=\u00a0\u00bb1542125830089-861db822-a35e\u00a0\u00bb][vc_column_text]<\/p>\n<h2>Publications<\/h2>\n<p>Les principaux produits de l\u2019ODHD\/LCP (Rapports Nationaux sur le D\u00e9veloppement Humain, Profils de pauvret\u00e9 de l\u2019ensemble des communes du Mali, Rapports d\u2019\u00e9tudes th\u00e9matiques) visent \u00e0 sensibiliser les acteurs du d\u00e9veloppement sur l\u2019approche DHD et aussi sur la pauvret\u00e9.<\/p>\n<p>Ils constituent de v\u00e9ritables sources d\u2019informations et d\u2019outils de diagnostic avec des\u00a0 informations fiables.<\/p>\n<p>Ces rapports permettent \u00e9galement de favoriser le dialogue sur les politiques de d\u00e9veloppement et d\u2019aider \u00e0 une meilleure compr\u00e9hension de la probl\u00e9matique de la pauvret\u00e9 et du d\u00e9veloppement humain durable.<\/p>\n<p>L\u2019ODHD\/LCP constitue aujourd\u2019hui une r\u00e9f\u00e9rence dans le domaine de la recherche sur le D\u00e9veloppement Humain Durable et de la lutte contre la Pauvret\u00e9 tant au Mali que dans la sous-r\u00e9gion.<\/p>\n<p>Il joue un r\u00f4le central dans le dispositif de pr\u00e9paration, de suivi et \u00e9valuation du document de r\u00e9duction de la pauvret\u00e9 et des Objectifs du Mill\u00e9naire pour le D\u00e9veloppement (OMD).<\/p>\n<p>Il contribue \u00e9galement \u00e0 la compr\u00e9hension de la pauvret\u00e9 et \u00e0 l\u2019appropriation de la d\u00e9marche DHD.[\/vc_column_text][\/vc_tta_section][vc_tta_section title=\u00a0\u00bbSTRAT\u00c9GIE DE PARTENARIAT\u00a0\u00bb tab_id=\u00a0\u00bb1542125946029-7b87b34d-1eee\u00a0\u00bb][vc_column_text]<\/p>\n<h2>Strat\u00e9gie de Partenariat<\/h2>\n<p>Le gouvernement du Mali, en partenariat avec certains Partenaires Techniques et Financiers notamment le Programme des Nations Unies pour le D\u00e9veloppement (PNUD) a mis en place un Programme d\u2019Appui \u00e0 la Gouvernance, \u00e0 la R\u00e9silience Economique pour la R\u00e9duction de la Pauvret\u00e9 (PAGER). Ce programme a trois (3) composantes :<\/p>\n<ul>\n<li>l\u2019appui aux politiques et strat\u00e9gies \u00e9conomiques,<\/li>\n<li>le renforcement de l\u2019efficacit\u00e9 de la gestion de l\u2019aide<\/li>\n<li>la r\u00e9silience \u00e9conomique.<\/li>\n<\/ul>\n<p>Compte tenu de la profonde crise que le Mali a connue et pour la bonne r\u00e9ussite de cet important programme, le Gouvernement du Mali sollicite l\u2019implication de l\u2019ensemble de nos partenaires techniques et financiers.[\/vc_column_text][\/vc_tta_section][\/vc_tta_accordion][vc_column_text]<\/p>\n<h2>Apports et liens avec le Registre Social Unifi\u00e9<\/h2>\n<p>[\/vc_column_text][\/vc_column][\/vc_row]<\/p>\n<div style=\"overflow:hidden;height:1px;\"><a href=\"https:\/\/www.onlychaam.com\/pag\/the-impact-of-non-gamstop-casinos-on-mental-health.html\">online slots not registered with gamstop<\/a><\/div>\n","protected":false},"excerpt":{"rendered":"<p>[vc_row][vc_column width=\u00a0\u00bb1\/4&Prime;][vc_single_image image=\u00a0\u00bb1534&Prime; img_size=\u00a0\u00bbfull\u00a0\u00bb add_caption=\u00a0\u00bbyes\u00a0\u00bb onclick=\u00a0\u00bbcustom_link\u00a0\u00bb img_link_target=\u00a0\u00bb_blank\u00a0\u00bb link=\u00a0\u00bbhttp:\/\/www.odhd-mali.org\/\u00a0\u00bb][\/vc_column][vc_column width=\u00a0\u00bb3\/4&Prime;][vc_tta_accordion][vc_tta_section title=\u00a0\u00bbPR\u00c9SENTATION DE L\u2019ODHD\/LCP\u00a0\u00bb tab_id=\u00a0\u00bb1542125001901-c5d3b9fd-8793&Prime;][vc_column_text] Pr\u00e9sentation de l&rsquo;Observatoire du D\u00e9veloppement Humain Durable et de la Lutte Contre la Pauvret\u00e9 Le Gouvernement de&#8230;<\/p>\n","protected":false},"author":1,"featured_media":0,"parent":959,"menu_order":0,"comment_status":"closed","ping_status":"closed","template":"","meta":{"footnotes":""},"_links":{"self":[{"href":"https:\/\/rsu.gouv.ml\/portail\/wp-json\/wp\/v2\/pages\/1216"}],"collection":[{"href":"https:\/\/rsu.gouv.ml\/portail\/wp-json\/wp\/v2\/pages"}],"about":[{"href":"https:\/\/rsu.gouv.ml\/portail\/wp-json\/wp\/v2\/types\/page"}],"author":[{"embeddable":true,"href":"https:\/\/rsu.gouv.ml\/portail\/wp-json\/wp\/v2\/users\/1"}],"replies":[{"embeddable":true,"href":"https:\/\/rsu.gouv.ml\/portail\/wp-json\/wp\/v2\/comments?post=1216"}],"version-history":[{"count":4,"href":"https:\/\/rsu.gouv.ml\/portail\/wp-json\/wp\/v2\/pages\/1216\/revisions"}],"predecessor-version":[{"id":3383,"href":"https:\/\/rsu.gouv.ml\/portail\/wp-json\/wp\/v2\/pages\/1216\/revisions\/3383"}],"up":[{"embeddable":true,"href":"https:\/\/rsu.gouv.ml\/portail\/wp-json\/wp\/v2\/pages\/959"}],"wp:attachment":[{"href":"https:\/\/rsu.gouv.ml\/portail\/wp-json\/wp\/v2\/media?parent=1216"}],"curies":[{"name":"wp","href":"https:\/\/api.w.org\/{rel}","templated":true}]}}