{"id":1620,"date":"2018-11-16T16:21:46","date_gmt":"2018-11-16T15:21:46","guid":{"rendered":"https:\/\/rsu.gouv.ml\/portail\/?page_id=1620"},"modified":"2019-02-22T13:32:07","modified_gmt":"2019-02-22T12:32:07","slug":"cash-working-group","status":"publish","type":"page","link":"https:\/\/rsu.gouv.ml\/portail\/cash-working-group\/","title":{"rendered":"Cash Working Group"},"content":{"rendered":"<p>[vc_row][vc_column width=\u00a0\u00bb1\/4&Prime;][vc_single_image image=\u00a0\u00bb1621&Prime; img_size=\u00a0\u00bbfull\u00a0\u00bb onclick=\u00a0\u00bbcustom_link\u00a0\u00bb img_link_target=\u00a0\u00bb_blank\u00a0\u00bb link=\u00a0\u00bbhttp:\/\/www.cashlearning.org\/groupe-de-coordination-et-de-travail-techniques-en-afrique-de-l-ouest\/mali\u00a0\u00bb][\/vc_column][vc_column width=\u00a0\u00bb3\/4&Prime;][vc_column_text]<\/p>\n<h2>Presentation de Cash Working Group<\/h2>\n<p>Groupe de travail technique (CWG) R\u00e9gional de l&rsquo;Afrique de l&rsquo;Ouest<br \/>\nUn groupe de travail r\u00e9gional sur les transferts mon\u00e9taires s&rsquo;est mis en place \u00e0 Dakar en octobre 2012. Ce groupe, qui se veut multisectoriel, est anim\u00e9 par le CaLP. Il est ouvert \u00e0 tous et se r\u00e9unit mensuellement dans les bureaux d&rsquo;OCHA (Sacre C\u0153ur). Chaque r\u00e9union est d\u00e9sormais consacr\u00e9e \u00e0 un aspect technique des transferts mon\u00e9taires, \u00e0 travers des pr\u00e9sentations de projets mis en \u0153uvre dans la r\u00e9gion.<\/p>\n<p>Le but de ce groupe est de rassembler les acteurs humanitaires et de d\u00e9veloppement pour \u00e9changer sur des enjeux strat\u00e9giques et\/ou op\u00e9rationnels des transferts mon\u00e9taires en Afrique de l\u2019Ouest, favoriser la mise en r\u00e9seau d\u2019acteurs mettant en \u0153uvre dans des secteurs\/domaines\/contextes diff\u00e9rents, et de tirer le maximum d\u2019apprentissages \u00e0 travers l\u2019\u00e9change d\u2019exp\u00e9rience et la pr\u00e9sentation de bonnes pratiques.<\/p>\n<p>En plus de ces r\u00e9unions de coordination, le CaLP encourage la diffusion et le partage de connaissances sur les transferts mon\u00e9taires \u00e0 travers diff\u00e9rents outils :<\/p>\n<ul>\n<li>le calendrier des formations\/ateliers pr\u00e9vus dans la sous-r\u00e9gion<\/li>\n<li>l\u2019organisation d\u2019\u00e9v\u00e9nements \u00e0 l\u2019\u00e9chelle r\u00e9gionale<\/li>\n<li>le d\u00e9veloppement d\u2019outils de capitalisation ou de recherche<\/li>\n<\/ul>\n<p><strong>Cash Working Group Mali<\/strong><br \/>\nActif depuis fin 2012, le groupe de travail technique sur les transferts Mon\u00e9taires a \u00e9t\u00e9 redynamis\u00e9 et davantage formalis\u00e9 depuis f\u00e9vrier 2013. Le groupe se r\u00e9unit de fa\u00e7on mensuelle, en d\u00e9but de mois. Port\u00e9 par les initiatives li\u00e9es au cadre commun, il s\u2019est ouvert \u00e0 diff\u00e9rents types d\u2019organisation et notamment les acteurs de la protection sociale.<\/p>\n<p>C\u2019est un lieu d\u2019\u00e9change et de coordination pour les acteurs mettant en \u0153uvre des transferts mon\u00e9taires au Mali, un soutien \u00e0 l\u2019harmonisation des approches mais aussi un espace de capitalisation et d\u2019apprentissage pour les organisations qui visent \u00e0 d\u00e9velopper leurs connaissances en transfert mon\u00e9taire. Les Termes de r\u00e9f\u00e9rence du groupe se trouvent dans la liste des documents disponibles ci-dessous.<\/p>\n<p><strong>Plan de r\u00e9ponse humanitaire 2018<\/strong>[\/vc_column_text][\/vc_column][\/vc_row]<\/p>\n","protected":false},"excerpt":{"rendered":"<p>[vc_row][vc_column width=\u00a0\u00bb1\/4&Prime;][vc_single_image image=\u00a0\u00bb1621&Prime; img_size=\u00a0\u00bbfull\u00a0\u00bb onclick=\u00a0\u00bbcustom_link\u00a0\u00bb img_link_target=\u00a0\u00bb_blank\u00a0\u00bb link=\u00a0\u00bbhttp:\/\/www.cashlearning.org\/groupe-de-coordination-et-de-travail-techniques-en-afrique-de-l-ouest\/mali\u00a0\u00bb][\/vc_column][vc_column width=\u00a0\u00bb3\/4&Prime;][vc_column_text] Presentation de Cash Working Group Groupe de travail technique (CWG) R\u00e9gional de l&rsquo;Afrique de l&rsquo;Ouest Un groupe de travail r\u00e9gional sur les&#8230;<\/p>\n","protected":false},"author":2,"featured_media":0,"parent":0,"menu_order":0,"comment_status":"closed","ping_status":"closed","template":"","meta":{"footnotes":""},"_links":{"self":[{"href":"https:\/\/rsu.gouv.ml\/portail\/wp-json\/wp\/v2\/pages\/1620"}],"collection":[{"href":"https:\/\/rsu.gouv.ml\/portail\/wp-json\/wp\/v2\/pages"}],"about":[{"href":"https:\/\/rsu.gouv.ml\/portail\/wp-json\/wp\/v2\/types\/page"}],"author":[{"embeddable":true,"href":"https:\/\/rsu.gouv.ml\/portail\/wp-json\/wp\/v2\/users\/2"}],"replies":[{"embeddable":true,"href":"https:\/\/rsu.gouv.ml\/portail\/wp-json\/wp\/v2\/comments?post=1620"}],"version-history":[{"count":4,"href":"https:\/\/rsu.gouv.ml\/portail\/wp-json\/wp\/v2\/pages\/1620\/revisions"}],"predecessor-version":[{"id":1777,"href":"https:\/\/rsu.gouv.ml\/portail\/wp-json\/wp\/v2\/pages\/1620\/revisions\/1777"}],"wp:attachment":[{"href":"https:\/\/rsu.gouv.ml\/portail\/wp-json\/wp\/v2\/media?parent=1620"}],"curies":[{"name":"wp","href":"https:\/\/api.w.org\/{rel}","templated":true}]}}