{"id":710,"date":"2017-10-09T18:14:57","date_gmt":"2017-10-09T18:14:57","guid":{"rendered":"http:\/\/www.rsu.gouv.ml\/?page_id=710"},"modified":"2023-11-01T13:21:50","modified_gmt":"2023-11-01T13:21:50","slug":"presentation","status":"publish","type":"page","link":"https:\/\/rsu.gouv.ml\/portail\/presentation\/","title":{"rendered":"Pr\u00e9sentation"},"content":{"rendered":"\r\n<section class=\"sh-section sh-section-c535810f87946034a16ae7f5e1863538 fw-main-row sh-section-visibility-everywhere\">\r\n\t\r\n\t\r\n\t<div class=\"sh-section-container container\">\r\n\t\t<div class=\"fw-row\">\n\t\n<div class=\"sh-column sh-column-16113ec3f821ecbda925e36325eda187 fw-col-xs-12\" >\n\n\t\n\t<div class=\"sh-column-wrapper\">\n\t\t\n<div class=\"sh-heading\" id=\"heading-cf3e45a194c9f7b023b30339c95077dd\">\n\t<h1 class=\"sh-heading-content size-default text-left\">\n\t\tA PROPOS DU RSU\t<\/h1>\n<\/div>\n<div id=\"text-block-5d1b966f2a4c7ad775e966792941dc97\" class=\"sh-text-block\">\n\t<p style=\"text-align: left;\">Le registre social unifi\u00e9 (RSU) est un syst\u00e8me d\u2019information pour la coordination des activit\u00e9s de protection sociales abritant une base de donn\u00e9es nationale sur les b\u00e9n\u00e9ficiaires de protection sociale. Il concerne les Non contributifs et les Contributifs Les informations collect\u00e9es et g\u00e9r\u00e9es en son sein sont s\u00e9curis\u00e9es, int\u00e8gres et accessibles aux parties autoris\u00e9es Il ouvre de larges possibilit\u00e9s d\u2019exploitation des donn\u00e9es, de reporting et de suivi \u00e9valuation.<\/p><\/div>\t<\/div>\n<\/div>\n<\/div>\n\n<div class=\"fw-row\">\n\t\n<div class=\"sh-column sh-column-05ab761552ce479dea521ca99f6b684b fw-col-xs-12 fw-col-sm-4\" >\n\n\t\n\t<div class=\"sh-column-wrapper\">\n\t\t\r\n<div id=\"image-points-5a2bbddee5e44328cc3a255f0eab8268\" class=\"sh-image-points sh-image-points-style1\">\r\n\t<img decoding=\"async\" class=\"sh-image-url\" src=\"https:\/\/rsu.gouv.ml\/portail\/wp-content\/uploads\/2018\/11\/kebila1.jpg\" alt=\"\" \/>\r\n\t<\/div>\r\n\t<\/div>\n<\/div>\n\n<div class=\"sh-column sh-column-9cac76aa8a76425086675cc27f7b979b fw-col-xs-12 fw-col-sm-4\" >\n\n\t\n\t<div class=\"sh-column-wrapper\">\n\t\t\r\n<div id=\"image-points-8bff1d4104826f0420f5750d04ed3465\" class=\"sh-image-points sh-image-points-style1\">\r\n\t<img decoding=\"async\" class=\"sh-image-url\" src=\"https:\/\/rsu.gouv.ml\/portail\/wp-content\/uploads\/2018\/11\/kebila3.jpg\" alt=\"\" \/>\r\n\t<\/div>\r\n\t<\/div>\n<\/div>\n\n<div class=\"sh-column sh-column-e9cf08351b9657191c71c28821501f74 fw-col-xs-12 fw-col-sm-4\" >\n\n\t\n\t<div class=\"sh-column-wrapper\">\n\t\t\r\n<div id=\"image-points-3a5661a9a5456f1e084f39f0789a7f6e\" class=\"sh-image-points sh-image-points-style1\">\r\n\t<img decoding=\"async\" class=\"sh-image-url\" src=\"https:\/\/rsu.gouv.ml\/portail\/wp-content\/uploads\/2018\/11\/kebila2.jpg\" alt=\"\" \/>\r\n\t<\/div>\r\n\t<\/div>\n<\/div>\n<\/div>\n\n<div class=\"fw-row\">\n\t\n<div class=\"sh-column sh-column-9ba38be8a3b00c9264c92bee586d3d6e fw-col-xs-12\" >\n\n\t\n\t<div class=\"sh-column-wrapper\">\n\t\t\n<div class=\"sh-heading\" id=\"heading-9d4206a829e48820d32cfec3dd91aca7\">\n\t<h1 class=\"sh-heading-content size-default text-left\">\n\t\tD\u2019une mani\u00e8re g\u00e9n\u00e9rale le RSU doit \u00eatre capable de :\t<\/h1>\n<\/div>\n<ul class=\"sh-list sh-list-style2\" id=\"list-5584c72715b5b7cf21d70bb8e403e166\">\n\t\t\t<li class=\"sh-list-item\">\n\t\t\t<span class=\"sh-list-icon\">\n\t\t\t\t<i class=\"ti-control-skip-forward\"><\/i>\n\t\t\t<\/span>\n\t\t\tMaintenir les informations actualis\u00e9es sur les diff\u00e9rentes activit\u00e9s et r\u00e9sultats obtenus pour chaque programme, ainsi que sur toutes les personnes enregistr\u00e9es et leur environnement socio-\u00e9conomique.\t\t<\/li>\n\t\t\t<li class=\"sh-list-item\">\n\t\t\t<span class=\"sh-list-icon\">\n\t\t\t\t<i class=\"ti-control-skip-forward\"><\/i>\n\t\t\t<\/span>\n\t\t\tFournir des indicateurs sur les programmes et la population cibl\u00e9e sous une forme directement utilisable : tableaux pouvant \u00eatre int\u00e9gr\u00e9s directement dans un rapport p\u00e9riodique ou publi\u00e9s sur le portail\t\t<\/li>\n\t\t\t<li class=\"sh-list-item\">\n\t\t\t<span class=\"sh-list-icon\">\n\t\t\t\t<i class=\"ti-control-skip-forward\"><\/i>\n\t\t\t<\/span>\n\t\t\tConstituer un outil d\u2019aide \u00e0 la d\u00e9cision pour la d\u00e9finition des Politiques de Protection Sociales \u00e0 travers l\u2019exploitation des donn\u00e9es vari\u00e9es disponibles sur les m\u00e9nages\t\t<\/li>\n\t\t\t<li class=\"sh-list-item\">\n\t\t\t<span class=\"sh-list-icon\">\n\t\t\t\t<i class=\"ti-control-skip-forward\"><\/i>\n\t\t\t<\/span>\n\t\t\tExtraire \u00e0 la demande, des listes de b\u00e9n\u00e9ficiaires potentiels r\u00e9pondant \u00e0 un ensemble de crit\u00e8re pr\u00e9d\u00e9finis et les pr\u00e9senter sous des formats convenus\t\t<\/li>\n\t\t\t<li class=\"sh-list-item\">\n\t\t\t<span class=\"sh-list-icon\">\n\t\t\t\t<i class=\"ti-control-skip-forward\"><\/i>\n\t\t\t<\/span>\n\t\t\tTraiter les donn\u00e9es issues de saisies d\u00e9centralis\u00e9es en vue de leur int\u00e9gration contr\u00f4l\u00e9e dans la base de donn\u00e9es.\t\t<\/li>\n\t\t\t<li class=\"sh-list-item\">\n\t\t\t<span class=\"sh-list-icon\">\n\t\t\t\t<i class=\"ti-control-skip-forward\"><\/i>\n\t\t\t<\/span>\n\t\t\tFaire en sorte que l\u2019identifiant principal du b\u00e9n\u00e9ficiaire dans le Registre Social soit unique et partag\u00e9 par tous les intervenants pour pouvoir actualiser efficacement les donn\u00e9es g\u00e9r\u00e9es par le RSU. Cette orientation n\u2019emp\u00eache pas l\u2019utilisation d\u2019identifiants secondaires en cas de besoin  tels le N\u00b0 de la carte d\u2019identit\u00e9, du passeport, de l\u2019acte d\u2019\u00e9tat civil, du RAVEC etc.\t\t<\/li>\n\t\t\t<li class=\"sh-list-item\">\n\t\t\t<span class=\"sh-list-icon\">\n\t\t\t\t<i class=\"ti-control-skip-forward\"><\/i>\n\t\t\t<\/span>\n\t\t\tG\u00e9rer l\u2019historique des donn\u00e9es en gardant trace de toutes les modifications dont elles font l\u2019objet\t\t<\/li>\n\t<\/ul>\n\n<div class=\"sh-heading\" id=\"heading-376274f9f7a0c127e383f74e4537ac09\">\n\t<h1 class=\"sh-heading-content size-default text-left\">\n\t\tCADRE INSTITUTIONNEL DU RSU\t<\/h1>\n<\/div>\n<div id=\"text-block-b510e57988318956103ee196a9967a24\" class=\"sh-text-block\">\n\t<p>Le cadre institutionnel con\u00e7u pour la mise en place du RSU comprend :<\/p><p>&nbsp;<\/p><\/div>\n<div id=\"single-image-717a445a6f04658fdb414fad67ed9ddc\" class=\"sh-single-image\">\n\t\n\t<div class=\"sh-single-image-container\">\n\n\t\t\t\t\t\t\t\t\t<a href=\"\/\/rsu.gouv.ml\/portail\/wp-content\/uploads\/2018\/11\/organig_rsu.jpg\" rel=\"lightbox\">\n\t\t\t\t\t<img decoding=\"async\" class=\"sh-image-url\" src=\"https:\/\/rsu.gouv.ml\/portail\/wp-content\/uploads\/2018\/11\/organig_rsu.jpg\" alt=\"organig_rsu\" \/>\n\t\t\t\t<\/a>\n\t\t\t\t\t\n\t\t\t<\/div>\n\n<\/div>\n\t<\/div>\n<\/div>\n<\/div>\n\n\t<\/div>\r\n<\/section>\r\n\n","protected":false},"excerpt":{"rendered":"<p>A PROPOS DU RSU Le registre social unifi\u00e9 (RSU) est un syst\u00e8me d\u2019information pour la coordination des activit\u00e9s de protection sociales abritant une base de donn\u00e9es nationale sur les b\u00e9n\u00e9ficiaires&#8230;<\/p>\n","protected":false},"author":1,"featured_media":0,"parent":0,"menu_order":0,"comment_status":"closed","ping_status":"closed","template":"","meta":{"footnotes":""},"_links":{"self":[{"href":"https:\/\/rsu.gouv.ml\/portail\/wp-json\/wp\/v2\/pages\/710"}],"collection":[{"href":"https:\/\/rsu.gouv.ml\/portail\/wp-json\/wp\/v2\/pages"}],"about":[{"href":"https:\/\/rsu.gouv.ml\/portail\/wp-json\/wp\/v2\/types\/page"}],"author":[{"embeddable":true,"href":"https:\/\/rsu.gouv.ml\/portail\/wp-json\/wp\/v2\/users\/1"}],"replies":[{"embeddable":true,"href":"https:\/\/rsu.gouv.ml\/portail\/wp-json\/wp\/v2\/comments?post=710"}],"version-history":[{"count":10,"href":"https:\/\/rsu.gouv.ml\/portail\/wp-json\/wp\/v2\/pages\/710\/revisions"}],"predecessor-version":[{"id":1549,"href":"https:\/\/rsu.gouv.ml\/portail\/wp-json\/wp\/v2\/pages\/710\/revisions\/1549"}],"wp:attachment":[{"href":"https:\/\/rsu.gouv.ml\/portail\/wp-json\/wp\/v2\/media?parent=710"}],"curies":[{"name":"wp","href":"https:\/\/api.w.org\/{rel}","templated":true}]}}