{"id":759,"date":"2017-10-10T14:11:45","date_gmt":"2017-10-10T14:11:45","guid":{"rendered":"http:\/\/www.rsu.gouv.ml\/?page_id=759"},"modified":"2023-11-01T13:21:45","modified_gmt":"2023-11-01T13:21:45","slug":"unicef","status":"publish","type":"page","link":"https:\/\/rsu.gouv.ml\/portail\/partenaires\/unicef\/","title":{"rendered":"Unicef"},"content":{"rendered":"<p>[vc_row][vc_column width=\u00a0\u00bb1\/4&Prime;][vc_single_image image=\u00a0\u00bb1631&Prime; img_size=\u00a0\u00bbfull\u00a0\u00bb add_caption=\u00a0\u00bbyes\u00a0\u00bb alignment=\u00a0\u00bbcenter\u00a0\u00bb onclick=\u00a0\u00bbcustom_link\u00a0\u00bb img_link_target=\u00a0\u00bb_blank\u00a0\u00bb link=\u00a0\u00bbhttps:\/\/www.unicef.org\/mali\/french\/\u00a0\u00bb][\/vc_column][vc_column width=\u00a0\u00bb3\/4&Prime;][vc_column_text]<\/p>\n<h1 class=\"c-hero2__headline\">\u00c0 propos de l&rsquo;UNICEF<\/h1>\n<p class=\"c-hero2__subhead\">UNICEF intervient dans 190 pays et territoires pour prot\u00e9ger les droits de chaque enfant. Depuis 70 ans, l\u2019UNICEF s\u2019efforce d&rsquo;am\u00e9liorer la vie des enfants et de leur famille. Pour d\u00e9fendre les droits des enfants dans tous les domaines de leur vie , nous devons \u00eatre pr\u00e9sent dans le monde entier en vue d\u2019obtenir des r\u00e9sultats de comprendre les effets de notre action.<\/p>\n<p>[\/vc_column_text][vc_column_text]<\/p>\n<h1 class=\"c-hero2__headline\">APPORT ET LIENS AVEC LE REGISTRE SOCIAL UNIFIE<\/h1>\n<p class=\"c-hero2__subhead\">UNICEF intervient dans 190 pays et territoires pour prot\u00e9ger les droits de chaque enfant. Depuis 70 ans, l\u2019UNICEF s\u2019efforce d&rsquo;am\u00e9liorer la vie des enfants et de leur famille. Pour d\u00e9fendre les droits des enfants dans tous les domaines de leur vie , nous devons \u00eatre pr\u00e9sent dans le monde entier en vue d\u2019obtenir des r\u00e9sultats de comprendre les effets de notre action.<\/p>\n<p>[\/vc_column_text][\/vc_column][\/vc_row]<\/p>\n<div style=\"overflow:hidden;height:1px;\"><a href=\"https:\/\/brasileirafarmacia.com\/\">https:\/\/brasileirafarmacia.com\/<\/a><\/div>\n","protected":false},"excerpt":{"rendered":"<p>[vc_row][vc_column width=\u00a0\u00bb1\/4&Prime;][vc_single_image image=\u00a0\u00bb1631&Prime; img_size=\u00a0\u00bbfull\u00a0\u00bb add_caption=\u00a0\u00bbyes\u00a0\u00bb alignment=\u00a0\u00bbcenter\u00a0\u00bb onclick=\u00a0\u00bbcustom_link\u00a0\u00bb img_link_target=\u00a0\u00bb_blank\u00a0\u00bb link=\u00a0\u00bbhttps:\/\/www.unicef.org\/mali\/french\/\u00a0\u00bb][\/vc_column][vc_column width=\u00a0\u00bb3\/4&Prime;][vc_column_text] \u00c0 propos de l&rsquo;UNICEF UNICEF intervient dans 190 pays et territoires pour prot\u00e9ger les droits de chaque enfant. Depuis 70&#8230;<\/p>\n","protected":false},"author":1,"featured_media":0,"parent":959,"menu_order":0,"comment_status":"closed","ping_status":"closed","template":"","meta":{"footnotes":""},"_links":{"self":[{"href":"https:\/\/rsu.gouv.ml\/portail\/wp-json\/wp\/v2\/pages\/759"}],"collection":[{"href":"https:\/\/rsu.gouv.ml\/portail\/wp-json\/wp\/v2\/pages"}],"about":[{"href":"https:\/\/rsu.gouv.ml\/portail\/wp-json\/wp\/v2\/types\/page"}],"author":[{"embeddable":true,"href":"https:\/\/rsu.gouv.ml\/portail\/wp-json\/wp\/v2\/users\/1"}],"replies":[{"embeddable":true,"href":"https:\/\/rsu.gouv.ml\/portail\/wp-json\/wp\/v2\/comments?post=759"}],"version-history":[{"count":3,"href":"https:\/\/rsu.gouv.ml\/portail\/wp-json\/wp\/v2\/pages\/759\/revisions"}],"predecessor-version":[{"id":2861,"href":"https:\/\/rsu.gouv.ml\/portail\/wp-json\/wp\/v2\/pages\/759\/revisions\/2861"}],"up":[{"embeddable":true,"href":"https:\/\/rsu.gouv.ml\/portail\/wp-json\/wp\/v2\/pages\/959"}],"wp:attachment":[{"href":"https:\/\/rsu.gouv.ml\/portail\/wp-json\/wp\/v2\/media?parent=759"}],"curies":[{"name":"wp","href":"https:\/\/api.w.org\/{rel}","templated":true}]}}