{"id":807,"date":"2017-10-17T13:02:50","date_gmt":"2017-10-17T11:02:50","guid":{"rendered":"http:\/\/www.rsu.gouv.ml\/?page_id=807"},"modified":"2019-02-22T17:49:19","modified_gmt":"2019-02-22T16:49:19","slug":"oxfam","status":"publish","type":"page","link":"https:\/\/rsu.gouv.ml\/portail\/partenaires\/oxfam\/","title":{"rendered":"Oxfam"},"content":{"rendered":"<p>[vc_row][vc_column width=\u00a0\u00bb1\/4&Prime;][vc_single_image image=\u00a0\u00bb1616&Prime; img_size=\u00a0\u00bbfull\u00a0\u00bb add_caption=\u00a0\u00bbyes\u00a0\u00bb alignment=\u00a0\u00bbcenter\u00a0\u00bb onclick=\u00a0\u00bbcustom_link\u00a0\u00bb img_link_target=\u00a0\u00bb_blank\u00a0\u00bb link=\u00a0\u00bbhttps:\/\/www.oxfam.org\/fr\/pays\/mali\u00a0\u00bb][\/vc_column][vc_column width=\u00a0\u00bb3\/4&Prime;][vc_tta_accordion][vc_tta_section title=\u00a0\u00bbA propos de OXFAM\u00a0\u00bb tab_id=\u00a0\u00bb1542380628101-17d3b75e-19dc\u00a0\u00bb][vc_column_text]<\/p>\n<h2 class=\"c-hero2__headline\">\u00c0 propos de\u00a0OXFAM<\/h2>\n<h3 id=\"site-slogan\">Le pouvoir citoyen contre la pauvret\u00e9<\/h3>\n<p>Oxfam est une\u00a0<a href=\"https:\/\/www.oxfam.org\/fr\/node\/5628\"><strong>conf\u00e9d\u00e9ration internationale de 20 organisations<\/strong><\/a>\u00a0qui travaillent ensemble, avec des partenaires et communaut\u00e9s locales, dans plus de 90 pays.<\/p>\n<p>Une personne sur trois dans le monde vit dans la pauvret\u00e9. Nous sommes d\u00e9termin\u00e9s \u00e0 changer cela en mobilisant le pouvoir citoyen contre la pauvret\u00e9.<\/p>\n<p>Tout autour de la plan\u00e8te, nous nous effor\u00e7ons de trouver des solutions pratiques et innovantes pour aider les individus \u00e0 s&rsquo;extraire de la pauvret\u00e9 et \u00e0 s&rsquo;\u00e9panouir. Nous sauvons des vies et aidons les personnes touch\u00e9es par des crises ou catastrophes \u00e0 reconstituer leurs moyens de subsistance. Et nous militons afin que les populations pauvres se fassent entendre et p\u00e8sent sur les d\u00e9cisions, aussi bien locales qu&rsquo;internationales, qui les affectent.<\/p>\n<p>Dans l&rsquo;ensemble de nos activit\u00e9s, nous travaillons avec des organisations partenaires aux c\u00f4t\u00e9s de femmes et d&rsquo;hommes vuln\u00e9rables afin de mettre fin aux injustices qui causent la pauvret\u00e9.[\/vc_column_text][\/vc_tta_section][vc_tta_section title=\u00a0\u00bbOXFAM Mali\u00a0\u00bb tab_id=\u00a0\u00bb1542380628137-99c1560f-78f1&Prime;][vc_column_text]<\/p>\n<h2>Oxfam au Mali<\/h2>\n<p>Oxfam s\u2019emploie \u00e0 soutenir les familles dont la vie a \u00e9t\u00e9 boulevers\u00e9e par le conflit ou la s\u00e9cheresse. Nous aidons notamment les filles et leurs m\u00e8res \u00e0 s\u2019impliquer davantage \u00e0 l\u2019\u00e9cole. Nous aidons \u00e9galement les citoyennes et citoyens \u00e0 restaurer le tissu social d\u00e9chir\u00e9 par le conflit.<\/p>\n<p>Dans le nord, nous contribuons \u00e0 renforcer les moyens de subsistance et nous aidons les communaut\u00e9s \u00e0 revenir \u00e0 la normale en payant les villageois-e-s pour r\u00e9parer les vieilles digues et en distribuant des \u00ab kits agricoles \u00bb, ainsi que de l\u2019argent, pour permettre aux familles de surmonter les moments difficiles. Nous procurons \u00e9galement une aide alimentaire aux m\u00e9nages en difficult\u00e9 au lendemain de la crise alimentaire, afin d\u2019am\u00e9liorer et de diversifier leur alimentation. Nous soutenons les \u00e9leveurs et \u00e9leveuses en construisant de nouveaux puits et en leur achetant du b\u00e9tail.<\/p>\n<p>Nous travaillons \u00e9galement \u00e0 faire en sorte que les communaut\u00e9s soient mieux pr\u00e9par\u00e9es \u00e0 faire face aux catastrophes \u00e0 l\u2019avenir. Nous dispensons aux familles des formations en mati\u00e8re de gestion budg\u00e9taire et de pr\u00e9vention de la malnutrition.<\/p>\n<p>Nous aidons les femmes \u00e0 d\u00e9marrer une petite entreprise et nous les formons \u00e0 la production de semences et au mara\u00eechage. Gr\u00e2ce \u00e0 notre programme \u00ab Girls Can \u00bb (les filles peuvent), nous encourageons les filles \u00e0 poursuivre leurs \u00e9tudes \u00e0 l\u2019adolescence.<\/p>\n<p>En effet, alors que beaucoup quittent l\u2019\u00e9cole apr\u00e8s le primaire, ce programme leur propose des cours de rattrapage, fournit un meilleur mat\u00e9riel scolaire et offre des cadeaux \u00e0 celles qui obtiennent de bons r\u00e9sultats.[\/vc_column_text][\/vc_tta_section][\/vc_tta_accordion][vc_column_text]<\/p>\n<h1>Apport et liens avec le Registre Social Unifi\u00e9<\/h1>\n<p>[\/vc_column_text][\/vc_column][\/vc_row]<\/p>\n","protected":false},"excerpt":{"rendered":"<p>[vc_row][vc_column width=\u00a0\u00bb1\/4&Prime;][vc_single_image image=\u00a0\u00bb1616&Prime; img_size=\u00a0\u00bbfull\u00a0\u00bb add_caption=\u00a0\u00bbyes\u00a0\u00bb alignment=\u00a0\u00bbcenter\u00a0\u00bb onclick=\u00a0\u00bbcustom_link\u00a0\u00bb img_link_target=\u00a0\u00bb_blank\u00a0\u00bb link=\u00a0\u00bbhttps:\/\/www.oxfam.org\/fr\/pays\/mali\u00a0\u00bb][\/vc_column][vc_column width=\u00a0\u00bb3\/4&Prime;][vc_tta_accordion][vc_tta_section title=\u00a0\u00bbA propos de OXFAM\u00a0\u00bb tab_id=\u00a0\u00bb1542380628101-17d3b75e-19dc\u00a0\u00bb][vc_column_text] \u00c0 propos de\u00a0OXFAM Le pouvoir citoyen contre la pauvret\u00e9 Oxfam est une\u00a0conf\u00e9d\u00e9ration internationale de 20&#8230;<\/p>\n","protected":false},"author":1,"featured_media":0,"parent":959,"menu_order":0,"comment_status":"closed","ping_status":"closed","template":"","meta":{"footnotes":""},"_links":{"self":[{"href":"https:\/\/rsu.gouv.ml\/portail\/wp-json\/wp\/v2\/pages\/807"}],"collection":[{"href":"https:\/\/rsu.gouv.ml\/portail\/wp-json\/wp\/v2\/pages"}],"about":[{"href":"https:\/\/rsu.gouv.ml\/portail\/wp-json\/wp\/v2\/types\/page"}],"author":[{"embeddable":true,"href":"https:\/\/rsu.gouv.ml\/portail\/wp-json\/wp\/v2\/users\/1"}],"replies":[{"embeddable":true,"href":"https:\/\/rsu.gouv.ml\/portail\/wp-json\/wp\/v2\/comments?post=807"}],"version-history":[{"count":4,"href":"https:\/\/rsu.gouv.ml\/portail\/wp-json\/wp\/v2\/pages\/807\/revisions"}],"predecessor-version":[{"id":1787,"href":"https:\/\/rsu.gouv.ml\/portail\/wp-json\/wp\/v2\/pages\/807\/revisions\/1787"}],"up":[{"embeddable":true,"href":"https:\/\/rsu.gouv.ml\/portail\/wp-json\/wp\/v2\/pages\/959"}],"wp:attachment":[{"href":"https:\/\/rsu.gouv.ml\/portail\/wp-json\/wp\/v2\/media?parent=807"}],"curies":[{"name":"wp","href":"https:\/\/api.w.org\/{rel}","templated":true}]}}