{"id":927,"date":"2017-11-06T14:06:48","date_gmt":"2017-11-06T13:06:48","guid":{"rendered":"https:\/\/rsu.gouv.ml\/portail\/?page_id=927"},"modified":"2019-02-22T13:45:20","modified_gmt":"2019-02-22T12:45:20","slug":"banque-mondiale","status":"publish","type":"page","link":"https:\/\/rsu.gouv.ml\/portail\/partenaires\/banque-mondiale\/","title":{"rendered":"Banque Mondiale"},"content":{"rendered":"<p>[vc_row][vc_column width=\u00a0\u00bb1\/4&Prime;][vc_single_image image=\u00a0\u00bb1628&Prime; img_size=\u00a0\u00bbfull\u00a0\u00bb add_caption=\u00a0\u00bbyes\u00a0\u00bb alignment=\u00a0\u00bbcenter\u00a0\u00bb onclick=\u00a0\u00bbcustom_link\u00a0\u00bb img_link_target=\u00a0\u00bb_blank\u00a0\u00bb link=\u00a0\u00bbhttps:\/\/www.banquemondiale.org\/fr\/country\/mali\u00a0\u00bb][\/vc_column][vc_column width=\u00a0\u00bb3\/4&Prime;][vc_column_text]<\/p>\n<h2 class=\"c-hero2__headline\">\u00c0 propos de la\u00a0Banque Mondiale<\/h2>\n<p style=\"background: white; margin: 6.0pt 0cm 6.0pt 0cm;\"><span style=\"font-size: 11.5pt; font-family: 'Open Sans',sans-serif; color: #737373; background: white;\">La\u00a0<b>Banque mondiale<\/b>\u00a0n\u2019est pas une banque au sens habituel du terme, mais une organisation charg\u00e9e de lutter contre la pauvret\u00e9 dans le monde.<\/span><\/p>\n<p><span style=\"background: white;\">Elle se compose de deux institutions internationales :\u00a0<\/span><br \/>\n<span style=\"background: white;\">\u2022 la Banque internationale pour la reconstruction et le d\u00e9veloppement ou BIRD<\/span><br \/>\n<span style=\"background: white;\">\u2022 l\u2019Association internationale de d\u00e9veloppement ou AID.<\/span><\/p>\n<p><b><span style=\"background: white;\">A noter<\/span><\/b><span style=\"background: white;\">\u00a0: la banque mondiale fait partie des institutions sp\u00e9cialis\u00e9es de l&rsquo;Organisation des Nations unies ou ONU.<\/span><\/p>\n<p style=\"background: white; margin: 6.0pt 0cm 6.0pt 0cm;\"><span style=\"font-size: 11.5pt; font-family: 'Open Sans',sans-serif; color: #737373; background: white;\">La Banque mondiale a \u00e9t\u00e9 cr\u00e9\u00e9e en\u00a0<b>juillet 1944<\/b>\u00a0lors de la conf\u00e9rence mon\u00e9taire et financi\u00e8re de\u00a0<\/span><a href=\"https:\/\/www.gralon.net\/articles\/economie-et-finance\/bourse\/article-les-accords-de-bretton-woods---presentation-et-histoire-3441.htm\"><b><span style=\"font-size: 11.5pt; font-family: 'Open Sans',sans-serif; color: #ed8323; background: white; text-decoration: none; text-underline: none;\">Bretton woods<\/span><\/b><\/a><span style=\"font-size: 11.5pt; font-family: 'Open Sans',sans-serif; color: #737373; background: white;\">\u00a0sous le nom de \u00ab\u00a0Banque internationale pour la reconstruction et le d\u00e9veloppement\u00a0\u00bb.<\/span><\/p>\n<p><span style=\"background: white;\">A l\u2019origine, elle \u00e9tait principalement destin\u00e9e \u00e0 aider l&rsquo;Europe et le Japon dans leur reconstruction, au lendemain de la Seconde Guerre mondiale. Elle a accord\u00e9 son premier pr\u00eat \u00e0 la France, le 9 mai 1947, pour un montant de 250 millions de dollars.<\/span><br \/>\n<span style=\"background: white;\">Aujourd\u2019hui, elle a pour objectif d&rsquo;encourager la croissance \u00e9conomique des pays en voie de d\u00e9veloppement.<\/span><\/p>\n<p><span style=\"background: white;\">Alors que la BIRD \u00e9tait \u00e0 sa cr\u00e9ation une seule et m\u00eame institution, elle a \u00e9t\u00e9 progressivement compl\u00e9t\u00e9e par 4 autres institutions :<\/span><br \/>\n<span style=\"background: white;\">\u2022 la Soci\u00e9t\u00e9 financi\u00e8re internationale cr\u00e9\u00e9e en 1956<\/span><br \/>\n<span style=\"background: white;\">\u2022 l&rsquo;Association internationale de d\u00e9veloppement, en 1960\u00a0<\/span><br \/>\n<span style=\"background: white;\">\u2022 le Centre international de r\u00e8glement des diff\u00e9rends cr\u00e9\u00e9 en 1966<\/span><br \/>\n<span style=\"background: white;\">\u2022 l&rsquo;Agence multilat\u00e9rale de garantie des investissements fond\u00e9e en 1988.<\/span><br \/>\n<span style=\"background: white;\">Ces cinq institutions forment d\u00e9sormais le groupe de la Banque mondiale.<\/span><\/p>\n<p><span style=\"background: white;\">Par ailleurs, la Banque mondiale, initialement compos\u00e9e de 44 pays membres, en compte d\u00e9sormais 186.<\/span>[\/vc_column_text][vc_column_text]<\/p>\n<h2>Apport et liens avec le Registre Social Unifi\u00e9<\/h2>\n<p>[\/vc_column_text][\/vc_column][\/vc_row]<\/p>\n","protected":false},"excerpt":{"rendered":"<p>[vc_row][vc_column width=\u00a0\u00bb1\/4&Prime;][vc_single_image image=\u00a0\u00bb1628&Prime; img_size=\u00a0\u00bbfull\u00a0\u00bb add_caption=\u00a0\u00bbyes\u00a0\u00bb alignment=\u00a0\u00bbcenter\u00a0\u00bb onclick=\u00a0\u00bbcustom_link\u00a0\u00bb img_link_target=\u00a0\u00bb_blank\u00a0\u00bb link=\u00a0\u00bbhttps:\/\/www.banquemondiale.org\/fr\/country\/mali\u00a0\u00bb][\/vc_column][vc_column width=\u00a0\u00bb3\/4&Prime;][vc_column_text] \u00c0 propos de la\u00a0Banque Mondiale La\u00a0Banque mondiale\u00a0n\u2019est pas une banque au sens habituel du terme, mais une organisation charg\u00e9e de&#8230;<\/p>\n","protected":false},"author":1,"featured_media":0,"parent":959,"menu_order":0,"comment_status":"closed","ping_status":"closed","template":"","meta":{"footnotes":""},"_links":{"self":[{"href":"https:\/\/rsu.gouv.ml\/portail\/wp-json\/wp\/v2\/pages\/927"}],"collection":[{"href":"https:\/\/rsu.gouv.ml\/portail\/wp-json\/wp\/v2\/pages"}],"about":[{"href":"https:\/\/rsu.gouv.ml\/portail\/wp-json\/wp\/v2\/types\/page"}],"author":[{"embeddable":true,"href":"https:\/\/rsu.gouv.ml\/portail\/wp-json\/wp\/v2\/users\/1"}],"replies":[{"embeddable":true,"href":"https:\/\/rsu.gouv.ml\/portail\/wp-json\/wp\/v2\/comments?post=927"}],"version-history":[{"count":7,"href":"https:\/\/rsu.gouv.ml\/portail\/wp-json\/wp\/v2\/pages\/927\/revisions"}],"predecessor-version":[{"id":1782,"href":"https:\/\/rsu.gouv.ml\/portail\/wp-json\/wp\/v2\/pages\/927\/revisions\/1782"}],"up":[{"embeddable":true,"href":"https:\/\/rsu.gouv.ml\/portail\/wp-json\/wp\/v2\/pages\/959"}],"wp:attachment":[{"href":"https:\/\/rsu.gouv.ml\/portail\/wp-json\/wp\/v2\/media?parent=927"}],"curies":[{"name":"wp","href":"https:\/\/api.w.org\/{rel}","templated":true}]}}