{"id":968,"date":"2017-12-19T02:34:16","date_gmt":"2017-12-19T01:34:16","guid":{"rendered":"https:\/\/rsu.gouv.ml\/portail\/?page_id=959"},"modified":"2023-01-04T11:39:31","modified_gmt":"2023-01-04T11:39:31","slug":"biens-et-equipements","status":"publish","type":"page","link":"https:\/\/rsu.gouv.ml\/portail\/indicateurs\/biens-et-equipements\/","title":{"rendered":"BIENS ET EQUIPEMENTS"},"content":{"rendered":"<p>[vc_row 0=\u00a0\u00bb\u00a0\u00bb][vc_column 0=\u00a0\u00bb\u00a0\u00bb][vc_column_text 0=\u00a0\u00bb\u00a0\u00bb]<\/p>\n<h3>Section G &#8211; BIENS ET EQUIPEMENTS DU MENAGE<\/h3>\n<p><strong><em>Objectif de la section<\/em><\/strong><em>\u00a0<\/em>: Cette section cherche \u00e0 d\u00e9terminer les biens poss\u00e9d\u00e9s par le m\u00e9nage. En effet, la possession de certains biens comme les terres agricoles est un indicateur de bien-\u00eatre. L\u2019objectif de cette section est d\u2019obtenir des informations sur l\u2019existence ou non de ces biens dans les m\u00e9nages.<\/p>\n<p><strong>Il s\u2019agit l\u00e0 des biens et \u00e9quipements fonctionnels ou \u00e0 l\u2019\u00e9tat d\u2019usage (G1.1 \u00e0 G1.25) dont dispose actuellement le m\u00e9nage. <\/strong>L\u2019agent doit citer les \u00e9quipements ainsi list\u00e9s un \u00e0 un et enregistrer le nombre donn\u00e9 par l\u2019enqu\u00eat\u00e9. <strong><em>Il n\u2019est pas admissible qu\u2019un \u00e9quipement reste \u00e0 blanc sans \u00eatre renseign\u00e9<\/em><\/strong>.<\/p>\n<p>Les question <strong>G1.26 \u00e0 G1.29<\/strong> concernent les terres r\u00e9ellement poss\u00e9d\u00e9es par le m\u00e9nage, que ce soit des terres agricoles ou des p\u00e2turages. La superficie de ces terres devrait \u00eatre indiqu\u00e9e en ha, et \u00e0 la d\u00e9cimale la plus proche (125.75, 10.50, etc.). Si la superficie indiqu\u00e9e est inf\u00e9rieure \u00e0 100ha, on la fera pr\u00e9c\u00e9der par un z\u00e9ro et on l\u2019inscrira comme ceci 092.0 pour 92ha, 08.2 pour 8,2ha, etc.<\/p>\n<p>\u00catre propri\u00e9taire signifie que le m\u00e9nage poss\u00e8de un quelconque titre de propri\u00e9t\u00e9 coutumier ou l\u00e9gal ou qu\u2019il dispose d\u2019une terre de mani\u00e8re permanente et ne paye pas de loyer ou d\u2019autres formes de paiement. Les terres qui sont lou\u00e9es \u00e0 d\u2019autres et ne sont pas utilis\u00e9es par le m\u00e9nage, ne doivent pas \u00eatre incluses ici. L\u2019enqu\u00eateur estimera la contre-valeur pour les unit\u00e9s locales au cas o\u00f9 elles seraient utilis\u00e9es dans leur zone d\u2019\u00e9chantillonnage.<\/p>\n<p>Si le r\u00e9pondant ne conna\u00eet pas la superficie, il vous faudra proc\u00e9der avec lui \u00e0 des estimations. Si le m\u00e9nage poss\u00e8de plusieurs terres, par exemple pour le cas cultures pluviales, faites la somme des superficies avant de reporter le total en ha.<\/p>\n<p>Si le r\u00e9pondant ne conna\u00eet pas la surface d\u2019une parcelle qui est plus ou moins rectangulaire, l&rsquo;enqu\u00eateur demandera la longueur et la largeur en m\u00e8tres et proc\u00e9dera au calcul de la superficie (=longueur x largeur) puis fera la conversion en ha (1ha=10000m<sup>2<\/sup>, 1are =100m<sup>2<\/sup>). Si la superficie d&rsquo;une parcelle B du m\u00e9nage est connue (la concession par exemple), l\u2019enqu\u00eateur se r\u00e9f\u00e9rera \u00e0 celle-ci pour estimer la superficie inconnue d\u2019une autre parcelle A en posant par exemple des questions du genre\u00a0: \u00ab\u00a0de combien de fois la parcelle A est-elle plus vaste (si A est plus grand) que la parcelle B? \u00bb<\/p>\n<p>Pour chaque type de parcelle, l\u2019enqu\u00eateur inscrira \u00ab\u00a00\u00a0\u00bb si le m\u00e9nage n\u2019en poss\u00e8de pas.<\/p>\n<p><strong>G.2\u00a0\u00a0\u00a0\u00a0\u00a0 <u>Votre m\u00e9nage est-il connect\u00e9 \u00e0 internet\u00a0? (tout type)<\/u><\/strong><\/p>\n<p>Il s\u2019agit de la connexion internet pour au moins un membre du m\u00e9nage, y compris la 3G. L\u2019enqu\u00eateur encerclera le code 1 ou 2 selon que la r\u00e9ponse soit \u2018\u2019Oui\u2019\u2019 ou \u2018\u2019Non\u2019\u2019.<\/p>\n<p><strong>G.3\u00a0\u00a0\u00a0\u00a0\u00a0 <u>Sur 12 mois combien de mois la r\u00e9serve c\u00e9r\u00e9ali\u00e8re de votre m\u00e9nage couvrira-t-elle\u00a0?<\/u><\/strong><\/p>\n<p>Le but de cette question est d\u2019estimer le nombre de mois que pourra couvrir le stock de c\u00e9r\u00e9ales du m\u00e9nage. Si le r\u00e9pondant d\u00e9clare moins d\u2019un mois, l\u2019enqu\u00eateur doit enregistrer \u2018\u201900\u2019\u2019.<\/p>\n<p>&nbsp;[\/vc_column_text][\/vc_column][\/vc_row]<\/p>\n","protected":false},"excerpt":{"rendered":"<p>[vc_row 0=\u00a0\u00bb\u00a0\u00bb][vc_column 0=\u00a0\u00bb\u00a0\u00bb][vc_column_text 0=\u00a0\u00bb\u00a0\u00bb] Section G &#8211; BIENS ET EQUIPEMENTS DU MENAGE Objectif de la section\u00a0: Cette section cherche \u00e0 d\u00e9terminer les biens poss\u00e9d\u00e9s par le m\u00e9nage. En effet, la&#8230;<\/p>\n","protected":false},"author":1,"featured_media":0,"parent":963,"menu_order":0,"comment_status":"closed","ping_status":"closed","template":"","meta":{"footnotes":""},"_links":{"self":[{"href":"https:\/\/rsu.gouv.ml\/portail\/wp-json\/wp\/v2\/pages\/968"}],"collection":[{"href":"https:\/\/rsu.gouv.ml\/portail\/wp-json\/wp\/v2\/pages"}],"about":[{"href":"https:\/\/rsu.gouv.ml\/portail\/wp-json\/wp\/v2\/types\/page"}],"author":[{"embeddable":true,"href":"https:\/\/rsu.gouv.ml\/portail\/wp-json\/wp\/v2\/users\/1"}],"replies":[{"embeddable":true,"href":"https:\/\/rsu.gouv.ml\/portail\/wp-json\/wp\/v2\/comments?post=968"}],"version-history":[{"count":1,"href":"https:\/\/rsu.gouv.ml\/portail\/wp-json\/wp\/v2\/pages\/968\/revisions"}],"predecessor-version":[{"id":2587,"href":"https:\/\/rsu.gouv.ml\/portail\/wp-json\/wp\/v2\/pages\/968\/revisions\/2587"}],"up":[{"embeddable":true,"href":"https:\/\/rsu.gouv.ml\/portail\/wp-json\/wp\/v2\/pages\/963"}],"wp:attachment":[{"href":"https:\/\/rsu.gouv.ml\/portail\/wp-json\/wp\/v2\/media?parent=968"}],"curies":[{"name":"wp","href":"https:\/\/api.w.org\/{rel}","templated":true}]}}