{"id":972,"date":"2017-12-19T02:36:25","date_gmt":"2017-12-19T01:36:25","guid":{"rendered":"https:\/\/rsu.gouv.ml\/portail\/?page_id=963"},"modified":"2023-01-04T11:43:04","modified_gmt":"2023-01-04T11:43:04","slug":"sources-de-revenus-du-menage","status":"publish","type":"page","link":"https:\/\/rsu.gouv.ml\/portail\/indicateurs\/sources-de-revenus-du-menage\/","title":{"rendered":"SOURCES DE REVENUS DU MENAGE"},"content":{"rendered":"<p>[vc_row 0=\u00a0\u00bb\u00a0\u00bb][vc_column 0=\u00a0\u00bb\u00a0\u00bb][vc_column_text 0=\u00a0\u00bb\u00a0\u00bb]<\/p>\n<h3>Section K &#8211; SOURCES DE REVENUS DU MENAGE<\/h3>\n<p>Les revenus consid\u00e9r\u00e9s dans cette section sont en fait toutes les rentr\u00e9es d\u2019argent du m\u00e9nage. Ils peuvent provenir de la vente de produits agricoles ou d\u2019\u00e9levage, d\u2019un salaire, d\u2019un b\u00e9n\u00e9fice d\u2019une affaire, de la vente d\u2019un bien de patrimoine (voiture, maison, etc.) , etc.<\/p>\n<p>Il s\u2019agit d\u2019enregistrer au plus les quatre (4) principales sources de revenu du m\u00e9nage par ordre d\u2019importance.<\/p>\n<p><strong>Colonne 1.\u00a0\u00a0\u00a0\u00a0\u00a0 <u>Quelles sont les principales sources de revenus de votre m\u00e9nage\u00a0?<\/u><\/strong><\/p>\n<p>Il faut se r\u00e9f\u00e9rer \u00e0 la liste en bas du tableau pour renseigner cette colonne. Vous devez prendre au maximum quatre sources de revenus.<\/p>\n<p>Rappelez-vous que le m\u00e9nage a au moins une source de revenu. Donc colonne ne doit pas \u00eatre laiss\u00e9e \u00e0 blanc.<\/p>\n<p><strong>Colonne 2.\u00a0\u00a0\u00a0\u00a0\u00a0 <u>Apport mon\u00e9taire par mois (en francs CFA)\u00a0[source]\u00a0?<\/u><\/strong><\/p>\n<p>L\u2019enqu\u00eateur doit poser la question de la mani\u00e8re suivante\u00a0: <strong><em>Quel est le montant tir\u00e9 de [source] au cours des 12 derniers mois\u00a0?<\/em><\/strong><\/p>\n<p>Pour chaque source, on enregistre le montant du revenu du m\u00e9nage. Plusieurs membres du m\u00e9nage peuvent tirer un revenu de la m\u00eame source. Par exemple, le mari et sa femme sont tous les deux fonctionnaires. Dans ce cas, il faut faire la somme des revenus de l\u2019ensemble des membres du m\u00e9nage. Remplissez les cases de la droite vers la gauche.<\/p>\n<p><strong><u>Observations <\/u><\/strong><strong>:<\/strong><\/p>\n<p>Dans les box \u00ab\u00a0Observations\u00a0\u00bb, l\u2019enqu\u00eateur expliquera les probl\u00e8mes rencontr\u00e9s durant l\u2019interview et toute autre question d\u2019importance, qui pourrait aider \u00e0 la compr\u00e9hension de l\u2019information collect\u00e9e. Le contr\u00f4leur ajoutera ses propres commentaires confirmant que le questionnaire a \u00e9t\u00e9 v\u00e9rifi\u00e9 et que le premier niveau de contr\u00f4le de coh\u00e9rence et de validation a \u00e9t\u00e9 effectu\u00e9. Le contenu de la section A sera toujours la premi\u00e8re information \u00e0 v\u00e9rifier par le contr\u00f4leur apr\u00e8s que l\u2019enqu\u00eateur lui aura remis le questionnaire.<\/p>\n<p>&nbsp;<\/p>\n<p>&nbsp;[\/vc_column_text][\/vc_column][\/vc_row]<\/p>\n","protected":false},"excerpt":{"rendered":"<p>[vc_row 0=\u00a0\u00bb\u00a0\u00bb][vc_column 0=\u00a0\u00bb\u00a0\u00bb][vc_column_text 0=\u00a0\u00bb\u00a0\u00bb] Section K &#8211; SOURCES DE REVENUS DU MENAGE Les revenus consid\u00e9r\u00e9s dans cette section sont en fait toutes les rentr\u00e9es d\u2019argent du m\u00e9nage. Ils peuvent provenir&#8230;<\/p>\n","protected":false},"author":1,"featured_media":0,"parent":963,"menu_order":0,"comment_status":"closed","ping_status":"closed","template":"","meta":{"footnotes":""},"_links":{"self":[{"href":"https:\/\/rsu.gouv.ml\/portail\/wp-json\/wp\/v2\/pages\/972"}],"collection":[{"href":"https:\/\/rsu.gouv.ml\/portail\/wp-json\/wp\/v2\/pages"}],"about":[{"href":"https:\/\/rsu.gouv.ml\/portail\/wp-json\/wp\/v2\/types\/page"}],"author":[{"embeddable":true,"href":"https:\/\/rsu.gouv.ml\/portail\/wp-json\/wp\/v2\/users\/1"}],"replies":[{"embeddable":true,"href":"https:\/\/rsu.gouv.ml\/portail\/wp-json\/wp\/v2\/comments?post=972"}],"version-history":[{"count":1,"href":"https:\/\/rsu.gouv.ml\/portail\/wp-json\/wp\/v2\/pages\/972\/revisions"}],"predecessor-version":[{"id":2588,"href":"https:\/\/rsu.gouv.ml\/portail\/wp-json\/wp\/v2\/pages\/972\/revisions\/2588"}],"up":[{"embeddable":true,"href":"https:\/\/rsu.gouv.ml\/portail\/wp-json\/wp\/v2\/pages\/963"}],"wp:attachment":[{"href":"https:\/\/rsu.gouv.ml\/portail\/wp-json\/wp\/v2\/media?parent=972"}],"curies":[{"name":"wp","href":"https:\/\/api.w.org\/{rel}","templated":true}]}}